{"id":1654,"date":"2024-04-18T04:10:55","date_gmt":"2024-04-18T04:10:55","guid":{"rendered":"https:\/\/www.assetplus.eu\/impressum\/"},"modified":"2024-04-25T05:44:20","modified_gmt":"2024-04-25T05:44:20","slug":"impressum","status":"publish","type":"page","link":"https:\/\/www.assetplus.eu\/hr\/impressum\/","title":{"rendered":"Impressum"},"content":{"rendered":"\t\t<div data-elementor-type=\"wp-page\" data-elementor-id=\"1654\" class=\"elementor elementor-1654 elementor-1603\" data-elementor-post-type=\"page\">\n\t\t\t\t\t\t<section class=\"has_ae_slider elementor-section elementor-top-section elementor-element elementor-element-a42f5aa elementor-section-boxed elementor-section-height-default elementor-section-height-default ae-bg-gallery-type-default\" data-id=\"a42f5aa\" data-element_type=\"section\" data-settings=\"{&quot;background_background&quot;:&quot;classic&quot;}\">\n\t\t\t\t\t\t\t<div class=\"elementor-background-overlay\"><\/div>\n\t\t\t\t\t\t\t<div class=\"elementor-container elementor-column-gap-default\">\n\t\t\t\t\t<div class=\"has_ae_slider elementor-column elementor-col-100 elementor-top-column elementor-element elementor-element-453c4f8 ae-bg-gallery-type-default\" data-id=\"453c4f8\" data-element_type=\"column\">\n\t\t\t<div class=\"elementor-widget-wrap elementor-element-populated\">\n\t\t\t\t\t\t<div class=\"elementor-element elementor-element-7b12453 elementor-widget elementor-widget-heading\" data-id=\"7b12453\" data-element_type=\"widget\" data-widget_type=\"heading.default\">\n\t\t\t\t<div class=\"elementor-widget-container\">\n\t\t\t<style>\/*! elementor - v3.21.0 - 24-04-2024 *\/\n.elementor-heading-title{padding:0;margin:0;line-height:1}.elementor-widget-heading .elementor-heading-title[class*=elementor-size-]>a{color:inherit;font-size:inherit;line-height:inherit}.elementor-widget-heading .elementor-heading-title.elementor-size-small{font-size:15px}.elementor-widget-heading .elementor-heading-title.elementor-size-medium{font-size:19px}.elementor-widget-heading .elementor-heading-title.elementor-size-large{font-size:29px}.elementor-widget-heading .elementor-heading-title.elementor-size-xl{font-size:39px}.elementor-widget-heading .elementor-heading-title.elementor-size-xxl{font-size:59px}<\/style><h2 class=\"elementor-heading-title elementor-size-default\">Impressum<\/h2>\t\t<\/div>\n\t\t\t\t<\/div>\n\t\t\t\t<div class=\"elementor-element elementor-element-3789e81 elementor-widget__width-auto elementor-widget elementor-widget-button\" data-id=\"3789e81\" data-element_type=\"widget\" data-widget_type=\"button.default\">\n\t\t\t\t<div class=\"elementor-widget-container\">\n\t\t\t\t\t<div class=\"elementor-button-wrapper\">\n\t\t\t<a class=\"elementor-button elementor-button-link elementor-size-sm\" href=\"https:\/\/www.assetplus.eu\/hr\/\">\n\t\t\t\t\t\t<span class=\"elementor-button-content-wrapper\">\n\t\t\t\t\t\t\t\t\t<span class=\"elementor-button-text\">Naslovna<\/span>\n\t\t\t\t\t<\/span>\n\t\t\t\t\t<\/a>\n\t\t<\/div>\n\t\t\t\t<\/div>\n\t\t\t\t<\/div>\n\t\t\t\t<div class=\"elementor-element elementor-element-07b6729 elementor-widget__width-auto elementor-widget elementor-widget-text-editor\" data-id=\"07b6729\" data-element_type=\"widget\" data-widget_type=\"text-editor.default\">\n\t\t\t\t<div class=\"elementor-widget-container\">\n\t\t\t<style>\/*! elementor - v3.21.0 - 24-04-2024 *\/\n.elementor-widget-text-editor.elementor-drop-cap-view-stacked .elementor-drop-cap{background-color:#69727d;color:#fff}.elementor-widget-text-editor.elementor-drop-cap-view-framed .elementor-drop-cap{color:#69727d;border:3px solid;background-color:transparent}.elementor-widget-text-editor:not(.elementor-drop-cap-view-default) .elementor-drop-cap{margin-top:8px}.elementor-widget-text-editor:not(.elementor-drop-cap-view-default) .elementor-drop-cap-letter{width:1em;height:1em}.elementor-widget-text-editor .elementor-drop-cap{float:left;text-align:center;line-height:1;font-size:50px}.elementor-widget-text-editor .elementor-drop-cap-letter{display:inline-block}<\/style>\t\t\t\t<p>&gt;<\/p>\n\t\t\t\t\t\t<\/div>\n\t\t\t\t<\/div>\n\t\t\t\t<div class=\"elementor-element elementor-element-1f0aee5 elementor-widget__width-auto elementor-widget elementor-widget-text-editor\" data-id=\"1f0aee5\" data-element_type=\"widget\" data-widget_type=\"text-editor.default\">\n\t\t\t\t<div class=\"elementor-widget-container\">\n\t\t\t\t\t\t\tImpressum\t\t\t\t\t\t<\/div>\n\t\t\t\t<\/div>\n\t\t\t\t\t<\/div>\n\t\t<\/div>\n\t\t\t\t\t<\/div>\n\t\t<\/section>\n\t\t\t\t<section class=\"has_ae_slider elementor-section elementor-top-section elementor-element elementor-element-890dc6c elementor-section-boxed elementor-section-height-default elementor-section-height-default ae-bg-gallery-type-default\" data-id=\"890dc6c\" data-element_type=\"section\">\n\t\t\t\t\t\t<div class=\"elementor-container elementor-column-gap-default\">\n\t\t\t\t\t<div class=\"has_ae_slider elementor-column elementor-col-100 elementor-top-column elementor-element elementor-element-63bc45e ae-bg-gallery-type-default\" data-id=\"63bc45e\" data-element_type=\"column\">\n\t\t\t<div class=\"elementor-widget-wrap elementor-element-populated\">\n\t\t\t\t\t\t<div class=\"elementor-element elementor-element-af1c97d tekst text elementor-widget elementor-widget-text-editor\" data-id=\"af1c97d\" data-element_type=\"widget\" data-widget_type=\"text-editor.default\">\n\t\t\t\t<div class=\"elementor-widget-container\">\n\t\t\t\t\t\t\t<h2>Asset+ Real Estate Partner GmbH<\/h2>\n<p>Bo\u00ebrgasse 10\/2, 1120 Be\u010d<br \/>Tel.: +43 1 235 00 40<br \/>E-po\u0161ta: <a href=\"mailto:office@ assetplus.eu\">office@assetplus.eu<\/a><\/p>\n<p><strong>UID broj<\/strong>: ATU 63464646<br \/><strong>Broj u registru tvrtke<\/strong>: FN 294 634 k, HG Be\u010d<\/p>\n<p><strong>Mjesto nadle\u017enosti<\/strong>: Be\u010d<br \/><strong>Ovla\u0161teni direktor<\/strong>: Christian Farnleitner<\/p>\n<p>\u00a0<\/ p><\/p>\n<h2 >Odricanje od odgovornosti<\/h2>\n<h4>1. Ograni\u010denje odgovornosti<\/h4>\n<p>Asset+ Real Estate Partner GmbH (u daljnjem tekstu: &#8216;Asset+&#8217; ili &#8216;vlasnik web stranice&#8217;) kreirao je sadr\u017eaj ove web stranice s najve\u0107om mogu\u0107om pa\u017enjom, ali ne preuzima nikakvu odgovornost za to\u010dnost, potpunost i aktualnost ponu\u0111enog sadr\u017eaja. Kori\u0161tenje sadr\u017eaja web stranice je na vlastitu odgovornost korisnika. Prilozi ozna\u010deni imenom odra\u017eavaju mi\u0161ljenje doti\u010dnog autora, a ne uvijek mi\u0161ljenje vlasnika web stranice. Samo kori\u0161tenje ove web stranice ne stvara nikakav ugovorni odnos izme\u0111u korisnika i vlasnika web stranice. Cijelu web stranicu ili njezine dijelove, uklju\u010duju\u0107i sve ponude i informacije, autor mo\u017ee pro\u0161irivati, mijenjati ili djelomi\u010dno ili u potpunosti brisati bez potrebe da to prethodno posebno najavi.<\/p>\n<h4>2. Vanjske poveznice<\/h4>\n<p>Web stranica Asset+ sadr\u017ei poveznice na web stranice tre\u0107ih strana (&#8220;vanjske poveznice&#8221;), koje podlije\u017eu odgovornosti odgovaraju\u0107ih operatera. Kada su vanjske poveznice bile povezane po prvi put, Asset+ je provjerio vanjski sadr\u017eaj kako bi vidio postoje li zakonska kr\u0161enja. U ovom trenutku nije bilo zakonskih povreda. Na\u017ealost, nemamo utjecaja na trenutni i budu\u0107i dizajn ili sadr\u017eaj povezanih stranica. Postavljanje vanjskih poveznica ne zna\u010di da Asset+ prihva\u0107a sadr\u017eaj iza reference ili veze kao vlastiti. Nije mogu\u0107e da Asset+ stalno prati vanjske poveznice bez konkretnih dokaza o kr\u0161enju zakona. Me\u0111utim, ako se otkrije kr\u0161enje zakona, takve vanjske veze bit \u0107e odmah izbrisane.<\/p>\n<h4>3. Autorska i sporedna autorska prava<\/h4>\n<p>Sadr\u017eaj objavljen na ovoj web stranici podlije\u017ee austrijskom zakonu o autorskim i sporednim autorskim pravima. Bilo kakva uporaba koja nije dopu\u0161tena austrijskim zakonom o autorskim pravima i pomo\u0107nim zakonima o autorskim pravima zahtijeva prethodni pismeni pristanak Asset+ ili odgovaraju\u0107eg nositelja prava. To se posebno odnosi na reprodukciju, ure\u0111ivanje, prevo\u0111enje, pohranu, obradu ili reprodukciju sadr\u017eaja u bazama podataka ili drugim elektroni\u010dkim medijima i sustavima. Sadr\u017eaj i prava tre\u0107ih strana ozna\u010deni su kao takvi. Neovla\u0161tena reprodukcija ili distribucija pojedina\u010dnih sadr\u017eaja ili cijelih stranica nije dopu\u0161tena i ka\u017enjiva je zakonom. Dopu\u0161tena je samo proizvodnja kopija i preuzimanje za osobnu, privatnu i nekomercijalnu upotrebu. Prikaz ove web stranice u vanjskim okvirima dopu\u0161ten je samo uz pisano dopu\u0161tenje.<\/p>\n<h4>4. Za\u0161tita podataka<\/h4>\n<p>Posjetom web stranice Asset+ mogu se spremiti podaci o pristupu (datum, vrijeme, pregledana stranica). Ovi podaci ne predstavljaju osobne podatke i anonimizirani su. Procjenjuju se samo u statisti\u010dke svrhe. Ne\u0107e se proslje\u0111ivati \u200b\u200btre\u0107im stranama u komercijalne ili nekomercijalne svrhe.<br \/>\u017delimo istaknuti da prijenos podataka na internetu (npr. kod komunikacije putem e-po\u0161te) ima sigurnosne propuste i nije u potpunosti za\u0161ti\u0107en od pristupa od strane tre\u0107ih strana Kori\u0161tenje podataka za kontakt u impresumu za komercijalno ogla\u0161avanje izri\u010dito nije po\u017eeljno osim ako je Asset+ prethodno dao pisani pristanak. Asset+ i sve osobe navedene na ovoj web stranici ovim se protive bilo kakvoj komercijalnoj upotrebi i distribuciji njihovih podataka.<\/p>\n<h4>5. Posebni uvjeti kori\u0161tenja<\/h4>\n<p>Ako posebni uvjeti za pojedina\u010dna kori\u0161tenja ove web stranice odstupaju od gore navedenih brojeva 1 do 4, to \u0107e biti izri\u010dito istaknuto na odgovaraju\u0107em mjestu. U tom slu\u010daju vrijede posebni uvjeti kori\u0161tenja za svaki pojedina\u010dni slu\u010daj.<\/p>\n\t\t\t\t\t\t<\/div>\n\t\t\t\t<\/div>\n\t\t\t\t\t<\/div>\n\t\t<\/div>\n\t\t\t\t\t<\/div>\n\t\t<\/section>\n\t\t\t\t<\/div>\n\t\t","protected":false},"excerpt":{"rendered":"<p>Naslovna &gt; Asset+ Real Estate Partner GmbH Bo\u00ebrgasse 10\/2, 1120 Be\u010dTel.: +43 1 235 00 40E-po\u0161ta: office@assetplus.eu UID broj: ATU 63464646Broj u registru tvrtke: FN 294 634 k, HG Be\u010d Mjesto nadle\u017enosti: Be\u010dOvla\u0161teni direktor: Christian Farnleitner \u00a0 Odricanje od odgovornosti 1. Ograni\u010denje odgovornosti Asset+ Real Estate Partner GmbH (u daljnjem tekstu: &#8216;Asset+&#8217; ili &#8216;vlasnik web [&hellip;]<\/p>\n","protected":false},"author":1,"featured_media":0,"parent":0,"menu_order":0,"comment_status":"closed","ping_status":"closed","template":"","meta":{"_acf_changed":false,"footnotes":""},"class_list":["post-1654","page","type-page","status-publish","hentry"],"acf":[],"aioseo_notices":[],"_links":{"self":[{"href":"https:\/\/www.assetplus.eu\/hr\/wp-json\/wp\/v2\/pages\/1654","targetHints":{"allow":["GET"]}}],"collection":[{"href":"https:\/\/www.assetplus.eu\/hr\/wp-json\/wp\/v2\/pages"}],"about":[{"href":"https:\/\/www.assetplus.eu\/hr\/wp-json\/wp\/v2\/types\/page"}],"author":[{"embeddable":true,"href":"https:\/\/www.assetplus.eu\/hr\/wp-json\/wp\/v2\/users\/1"}],"replies":[{"embeddable":true,"href":"https:\/\/www.assetplus.eu\/hr\/wp-json\/wp\/v2\/comments?post=1654"}],"version-history":[{"count":0,"href":"https:\/\/www.assetplus.eu\/hr\/wp-json\/wp\/v2\/pages\/1654\/revisions"}],"wp:attachment":[{"href":"https:\/\/www.assetplus.eu\/hr\/wp-json\/wp\/v2\/media?parent=1654"}],"curies":[{"name":"wp","href":"https:\/\/api.w.org\/{rel}","templated":true}]}}